{"id":244,"date":"2018-06-10T21:34:34","date_gmt":"2018-06-10T21:34:34","guid":{"rendered":"http:\/\/mittelpunktmensch-vk.de\/?page_id=244"},"modified":"2018-06-18T21:54:38","modified_gmt":"2018-06-18T21:54:38","slug":"impressum","status":"publish","type":"page","link":"https:\/\/mittelpunktmensch-vk.de\/?page_id=244","title":{"rendered":"Impressum"},"content":{"rendered":"<h2>Impressum<\/h2>\n<h3>Angaben gem\u00e4\u00df \u00a7 5 TMG:<\/h3>\n<p>Mittelpunkt Mensch Versorgungskasse e.V.<br \/>\nHauptstrasse 25<br \/>\n86756 Reimlingen<\/p>\n<h3>Postadresse:<\/h3>\n<p>Hauptstrasse 25<br \/>\n86756 Reimlingen<br \/>\nTelefon: +49 (9081) 80 50 79 6<br \/>\nTelefax: +49 (9081) 80 50 79 2<\/p>\n<h3>Vertreten durch:<\/h3>\n<p>Vertretungsberechtigte Vorst\u00e4nde:<br \/>\nKlaus Graumann<br \/>\nChristian Bosse<\/p>\n<p>Kontakt:<\/p>\n<p>Telefon: +49 (9081) 80 50 79 6<br \/>\nTelefax: +49 (9081) 80 50 79 2<br \/>\nE-Mail: info@mittelpunktmensch-vk.de<\/p>\n<h3>Registereintrag:<\/h3>\n<p>Eintragung im Vereinsregister.<br \/>\nRegistergericht:Augsburg<br \/>\nRegisternummer: VR 201432<\/p>\n<h3>Steuernummer:<\/h3>\n<p>152\/102\/00247<\/p>\n<h3>Aufsichtsbeh\u00f6rde:<\/h3>\n<p>Amtsgericht Augsburg<br \/>\nAm Alten Einla\u00df 1, 86150 Augsburg<\/p>\n<p><a href=\"http:\/\/www.justiz.bayern.de\/gericht\/lg\/a\/\" target=\"_blank\" rel=\"noopener\">http:\/\/www.justiz.bayern.de\/gericht\/lg\/a\/<\/a><\/p>\n<h3>Haftung f\u00fcr Inhalte<\/h3>\n<p>Als Diensteanbieter sind wir gem\u00e4\u00df \u00a7 7 Abs.1 TMG f\u00fcr eigene Inhalte auf diesen Seiten nach den allgemeinen Gesetzen verantwortlich. Nach \u00a7\u00a7 8 bis 10 TMG sind wir als Diensteanbieter jedoch nicht verpflichtet, \u00fcbermittelte oder gespeicherte fremde Informationen zu \u00fcberwachen oder nach Umst\u00e4nden zu forschen, die auf eine rechtswidrige T\u00e4tigkeit hinweisen.<\/p>\n<p>Verpflichtungen zur Entfernung oder Sperrung der Nutzung von Informationen nach den allgemeinen Gesetzen bleiben hiervon unber\u00fchrt. Eine diesbez\u00fcgliche Haftung ist jedoch erst ab dem Zeitpunkt der Kenntnis einer konkreten Rechtsverletzung m\u00f6glich. Bei Bekanntwerden von entsprechenden Rechtsverletzungen werden wir diese Inhalte umgehend entfernen.<\/p>\n<h3>Haftung f\u00fcr Links<\/h3>\n<p>Unser Angebot enth\u00e4lt Links zu externen Websites Dritter, auf deren Inhalte wir keinen Einfluss haben. Deshalb k\u00f6nnen wir f\u00fcr diese fremden Inhalte auch keine Gew\u00e4hr \u00fcbernehmen. F\u00fcr die Inhalte der verlinkten Seiten ist stets der jeweilige Anbieter oder Betreiber der Seiten verantwortlich. Die verlinkten Seiten wurden zum Zeitpunkt der Verlinkung auf m\u00f6gliche Rechtsverst\u00f6\u00dfe \u00fcberpr\u00fcft. Rechtswidrige Inhalte waren zum Zeitpunkt der Verlinkung nicht erkennbar.<\/p>\n<p>Eine permanente inhaltliche Kontrolle der verlinkten Seiten ist jedoch ohne konkrete Anhaltspunkte einer Rechtsverletzung nicht zumutbar. Bei Bekanntwerden von Rechtsverletzungen werden wir derartige Links umgehend entfernen.<\/p>\n<h3>Urheberrecht<\/h3>\n<p>Die durch die Seitenbetreiber erstellten Inhalte und Werke auf diesen Seiten unterliegen dem deutschen Urheberrecht. Die Vervielf\u00e4ltigung, Bearbeitung, Verbreitung und jede Art der Verwertung au\u00dferhalb der Grenzen des Urheberrechtes bed\u00fcrfen der schriftlichen Zustimmung des jeweiligen Autors bzw. Erstellers. Downloads und Kopien dieser Seite sind nur f\u00fcr den privaten, nicht kommerziellen Gebrauch gestattet.<\/p>\n<p>Soweit die Inhalte auf dieser Seite nicht vom Betreiber erstellt wurden, werden die Urheberrechte Dritter beachtet. Insbesondere werden Inhalte Dritter als solche gekennzeichnet. Sollten Sie trotzdem auf eine Urheberrechtsverletzung aufmerksam werden, bitten wir um einen entsprechenden Hinweis. Bei Bekanntwerden von Rechtsverletzungen werden wir derartige Inhalte umgehend entfernen.<\/p>\n","protected":false},"excerpt":{"rendered":"<p>Impressum Angaben gem\u00e4\u00df \u00a7 5 TMG: Mittelpunkt Mensch Versorgungskasse e.V. Hauptstrasse 25 86756 Reimlingen Postadresse: Hauptstrasse 25 86756 Reimlingen Telefon: +49 (9081) 80 50 79 [&hellip;]<\/p>\n","protected":false},"author":1,"featured_media":0,"parent":0,"menu_order":0,"comment_status":"closed","ping_status":"closed","template":"","meta":{"spay_email":""},"jetpack_sharing_enabled":true,"jetpack_shortlink":"https:\/\/wp.me\/Pa0qFz-3W","jetpack-related-posts":[{"id":276,"url":"https:\/\/mittelpunktmensch-vk.de\/?page_id=276","url_meta":{"origin":244,"position":0},"title":"Datenschutzerkl\u00e4rung","date":"07\/07\/2018","format":false,"excerpt":"Datenschutzerkl\u00e4rung 1. Datenschutz auf einen Blick Allgemeine Hinweise Die folgenden Hinweise geben einen einfachen \u00dcberblick dar\u00fcber, was mit Ihren personenbezogenen Daten passiert, wenn Sie unsere Website besuchen. Personenbezogene Daten sind alle Daten, mit denen Sie pers\u00f6nlich identifiziert werden k\u00f6nnen. Ausf\u00fchrliche Informationen zum Thema Datenschutz entnehmen Sie unserer unter diesem Text\u2026","rel":"","context":"\u00c4hnlicher Beitrag","img":{"alt_text":"","src":"","width":0,"height":0},"classes":[]},{"id":6,"url":"https:\/\/mittelpunktmensch-vk.de\/","url_meta":{"origin":244,"position":1},"title":"Home","date":"17\/12\/2015","format":false,"excerpt":"Die\u00a0MMVK e.V. Die Mittelpunktmensch-Versorgungskasse e.V. Wir sind Ihr starker Partner f\u00fcr die betriebliche Altersversorgung. Unsere L\u00f6sungen schaffen echte Mehrwerte f\u00fcr Unternehmen und ihre Arbeitnehmer. Lassen Sie sich \u00fcberzeugen! Auf unserer website erfahren Sie alles Wissenswerte zur betrieblichen Altersversorgung, zur klassischen Rentenberatung und Lohnkostenoptimierung EKr. Bei Fragen stehen wir Ihnen mit\u2026","rel":"","context":"\u00c4hnlicher Beitrag","img":{"alt_text":"","src":"https:\/\/i1.wp.com\/mittelpunktmensch-vk.de\/wp-content\/uploads\/2017\/02\/slider.jpg?fit=1200%2C413&ssl=1&resize=350%2C200","width":350,"height":200},"classes":[]},{"id":8,"url":"https:\/\/mittelpunktmensch-vk.de\/?page_id=8","url_meta":{"origin":244,"position":2},"title":"\u00dcber Uns","date":"17\/12\/2015","format":false,"excerpt":"Was wir sind Unterst\u00fctzungskassen rep\u00e4sentieren den \u00e4ltesten der f\u00fcnf durch das Gesetz zur Verbesserung der betrieblichen Altersversorgung (BetrAVG) anerkannten Durchf\u00fchrungswege der betrieblichen Altersversorgung (bAV) in Deutschland. Eine Unterst\u00fctzungskasse ist eine rechtsf\u00e4hige Versorgungseinrichtung, die die Durchf\u00fchrung einer Versorgungszusage f\u00fcr einen Arbeitgeber \u00fcbernimmt. Die Unterst\u00fctzungskasse stellt stets ein eigenst\u00e4ndiges, unabh\u00e4ngiges Rechts- und\u2026","rel":"","context":"\u00c4hnlicher Beitrag","img":{"alt_text":"","src":"","width":0,"height":0},"classes":[]},{"id":314,"url":"https:\/\/mittelpunktmensch-vk.de\/?page_id=314","url_meta":{"origin":244,"position":3},"title":"FAQ","date":"17\/07\/2018","format":false,"excerpt":"An dieser Stelle beantworten wir Ihnen allgemeine Fragen zur betrieblichen Altersversorgung. \u00a0 Sie haben noch Fragen, die wir auf unseren Seiten bisher nicht beantwortet haben? Dann nutzen Sie gerne unser Kontakt-Formular. Unsere Antworten ver\u00f6ffentlichen wir hier. \u00a0 Was passiert mit meiner betrieblichen Altersversorgung, wenn der Arbeitgeber oder der Versicherer insolvent\u2026","rel":"","context":"\u00c4hnlicher Beitrag","img":{"alt_text":"","src":"","width":0,"height":0},"classes":[]},{"id":322,"url":"https:\/\/mittelpunktmensch-vk.de\/?page_id=322","url_meta":{"origin":244,"position":4},"title":"bAV","date":"17\/07\/2018","format":false,"excerpt":"Neben den allseits bekannten versicherungsf\u00f6rmigen L\u00f6sungen Direktversicherung, Pensionskasse und Pensionsfond gibt es noch zwei versicherungsfreie, sehr interessante Durchf\u00fchrungswege: \u2022\u00a0Unterst\u00fctzungskasse \u2022\u00a0Unmittelbare Pensionszusage Sie sind bei KMUs und im Mittelstand leider nahezu unbekannt oder, aufgrund unpassender Konzeption, negativ behaftet. \u00a0 Bei genauerer Betrachtung bieten sie aber genau die Flexibilit\u00e4t, die heute sowohl\u2026","rel":"","context":"\u00c4hnlicher Beitrag","img":{"alt_text":"","src":"","width":0,"height":0},"classes":[]}],"_links":{"self":[{"href":"https:\/\/mittelpunktmensch-vk.de\/index.php?rest_route=\/wp\/v2\/pages\/244"}],"collection":[{"href":"https:\/\/mittelpunktmensch-vk.de\/index.php?rest_route=\/wp\/v2\/pages"}],"about":[{"href":"https:\/\/mittelpunktmensch-vk.de\/index.php?rest_route=\/wp\/v2\/types\/page"}],"author":[{"embeddable":true,"href":"https:\/\/mittelpunktmensch-vk.de\/index.php?rest_route=\/wp\/v2\/users\/1"}],"replies":[{"embeddable":true,"href":"https:\/\/mittelpunktmensch-vk.de\/index.php?rest_route=%2Fwp%2Fv2%2Fcomments&post=244"}],"version-history":[{"count":3,"href":"https:\/\/mittelpunktmensch-vk.de\/index.php?rest_route=\/wp\/v2\/pages\/244\/revisions"}],"predecessor-version":[{"id":258,"href":"https:\/\/mittelpunktmensch-vk.de\/index.php?rest_route=\/wp\/v2\/pages\/244\/revisions\/258"}],"wp:attachment":[{"href":"https:\/\/mittelpunktmensch-vk.de\/index.php?rest_route=%2Fwp%2Fv2%2Fmedia&parent=244"}],"curies":[{"name":"wp","href":"https:\/\/api.w.org\/{rel}","templated":true}]}}