{"id":310,"date":"2018-07-17T17:41:05","date_gmt":"2018-07-17T15:41:05","guid":{"rendered":"http:\/\/mittelpunktmensch-vk.de\/?page_id=310"},"modified":"2018-07-17T17:41:05","modified_gmt":"2018-07-17T15:41:05","slug":"insolvenzschutz","status":"publish","type":"page","link":"https:\/\/mittelpunktmensch-vk.de\/?page_id=310","title":{"rendered":"Insolvenzschutz"},"content":{"rendered":"<p>Bei Insolvenz des Arbeitgebers (Tr\u00e4gerunternehmen) werden die Betriebsrenten f\u00fcr alle Arbeitnehmer, die unter das Gesetz zur Verbesserung der betrieblichen Altersversorgung (BetrAVG) allen, durch den Pensions-Sicherungs-Verein (PSVaG) abgesichert (gem. \u00a7\u00a7 7-15 BetrAVG). F\u00fcr Mitarbeiter, die nicht unter den Schutz des BetrAVG (z. B. Gesellschafter Gesch\u00e4ftsf\u00fchrer) fallen, k\u00f6nnen gesonderte Regelungen bei der Unterst\u00fctzungskasse getroffen werden, die sicherstellen, dass die Versorgung insolvenzgesch\u00fctzt bleibt.<\/p>\n","protected":false},"excerpt":{"rendered":"<p>Bei Insolvenz des Arbeitgebers (Tr\u00e4gerunternehmen) werden die Betriebsrenten f\u00fcr alle Arbeitnehmer, die unter das Gesetz zur Verbesserung der betrieblichen Altersversorgung (BetrAVG) allen, durch den Pensions-Sicherungs-Verein [&hellip;]<\/p>\n","protected":false},"author":1,"featured_media":0,"parent":0,"menu_order":0,"comment_status":"closed","ping_status":"closed","template":"","meta":{"spay_email":""},"jetpack_sharing_enabled":true,"jetpack_shortlink":"https:\/\/wp.me\/Pa0qFz-50","jetpack-related-posts":[{"id":314,"url":"https:\/\/mittelpunktmensch-vk.de\/?page_id=314","url_meta":{"origin":310,"position":0},"title":"FAQ","date":"17\/07\/2018","format":false,"excerpt":"An dieser Stelle beantworten wir Ihnen allgemeine Fragen zur betrieblichen Altersversorgung. \u00a0 Sie haben noch Fragen, die wir auf unseren Seiten bisher nicht beantwortet haben? Dann nutzen Sie gerne unser Kontakt-Formular. Unsere Antworten ver\u00f6ffentlichen wir hier. \u00a0 Was passiert mit meiner betrieblichen Altersversorgung, wenn der Arbeitgeber oder der Versicherer insolvent\u2026","rel":"","context":"\u00c4hnlicher Beitrag","img":{"alt_text":"","src":"","width":0,"height":0},"classes":[]},{"id":276,"url":"https:\/\/mittelpunktmensch-vk.de\/?page_id=276","url_meta":{"origin":310,"position":1},"title":"Datenschutzerkl\u00e4rung","date":"07\/07\/2018","format":false,"excerpt":"Datenschutzerkl\u00e4rung 1. Datenschutz auf einen Blick Allgemeine Hinweise Die folgenden Hinweise geben einen einfachen \u00dcberblick dar\u00fcber, was mit Ihren personenbezogenen Daten passiert, wenn Sie unsere Website besuchen. Personenbezogene Daten sind alle Daten, mit denen Sie pers\u00f6nlich identifiziert werden k\u00f6nnen. Ausf\u00fchrliche Informationen zum Thema Datenschutz entnehmen Sie unserer unter diesem Text\u2026","rel":"","context":"\u00c4hnlicher Beitrag","img":{"alt_text":"","src":"","width":0,"height":0},"classes":[]},{"id":244,"url":"https:\/\/mittelpunktmensch-vk.de\/?page_id=244","url_meta":{"origin":310,"position":2},"title":"Impressum","date":"10\/06\/2018","format":false,"excerpt":"Impressum Angaben gem\u00e4\u00df \u00a7 5 TMG: Mittelpunkt Mensch Versorgungskasse e.V. Hauptstrasse 25 86756 Reimlingen Postadresse: Hauptstrasse 25 86756 Reimlingen Telefon: +49 (9081) 80 50 79 6 Telefax: +49 (9081) 80 50 79 2 Vertreten durch: Vertretungsberechtigte Vorst\u00e4nde: Klaus Graumann Christian Bosse Kontakt: Telefon: +49 (9081) 80 50 79 6 Telefax:\u2026","rel":"","context":"\u00c4hnlicher Beitrag","img":{"alt_text":"","src":"","width":0,"height":0},"classes":[]},{"id":322,"url":"https:\/\/mittelpunktmensch-vk.de\/?page_id=322","url_meta":{"origin":310,"position":3},"title":"bAV","date":"17\/07\/2018","format":false,"excerpt":"Neben den allseits bekannten versicherungsf\u00f6rmigen L\u00f6sungen Direktversicherung, Pensionskasse und Pensionsfond gibt es noch zwei versicherungsfreie, sehr interessante Durchf\u00fchrungswege: \u2022\u00a0Unterst\u00fctzungskasse \u2022\u00a0Unmittelbare Pensionszusage Sie sind bei KMUs und im Mittelstand leider nahezu unbekannt oder, aufgrund unpassender Konzeption, negativ behaftet. \u00a0 Bei genauerer Betrachtung bieten sie aber genau die Flexibilit\u00e4t, die heute sowohl\u2026","rel":"","context":"\u00c4hnlicher Beitrag","img":{"alt_text":"","src":"","width":0,"height":0},"classes":[]},{"id":312,"url":"https:\/\/mittelpunktmensch-vk.de\/?page_id=312","url_meta":{"origin":310,"position":4},"title":"Zuwendungen (statt Beitr\u00e4ge) als Betriebsausgabe","date":"17\/07\/2018","format":false,"excerpt":"Der Arbeitgeber finanziert die von ihm zugesagte Versorgungsleistung \u00fcber Zuwendungen an die Unterst\u00fctzungskasse. Diese Zuwendungen k\u00f6nnen in den Grenzen des \u00a7 4d Einkommensteuergesetz als Betriebsausgabe geltend gemacht werden. Hierbei geh\u00f6ren auch die Verwaltungskosten der Unterst\u00fctzungskasse sowie gegebenenfalls anfallende Beitr\u00e4ge an den PSVaG zu den Zuwendungen. Im Unterschied hierzu stellen im\u2026","rel":"","context":"\u00c4hnlicher Beitrag","img":{"alt_text":"","src":"","width":0,"height":0},"classes":[]},{"id":8,"url":"https:\/\/mittelpunktmensch-vk.de\/?page_id=8","url_meta":{"origin":310,"position":5},"title":"\u00dcber Uns","date":"17\/12\/2015","format":false,"excerpt":"Was wir sind Unterst\u00fctzungskassen rep\u00e4sentieren den \u00e4ltesten der f\u00fcnf durch das Gesetz zur Verbesserung der betrieblichen Altersversorgung (BetrAVG) anerkannten Durchf\u00fchrungswege der betrieblichen Altersversorgung (bAV) in Deutschland. Eine Unterst\u00fctzungskasse ist eine rechtsf\u00e4hige Versorgungseinrichtung, die die Durchf\u00fchrung einer Versorgungszusage f\u00fcr einen Arbeitgeber \u00fcbernimmt. Die Unterst\u00fctzungskasse stellt stets ein eigenst\u00e4ndiges, unabh\u00e4ngiges Rechts- und\u2026","rel":"","context":"\u00c4hnlicher Beitrag","img":{"alt_text":"","src":"","width":0,"height":0},"classes":[]}],"_links":{"self":[{"href":"https:\/\/mittelpunktmensch-vk.de\/index.php?rest_route=\/wp\/v2\/pages\/310"}],"collection":[{"href":"https:\/\/mittelpunktmensch-vk.de\/index.php?rest_route=\/wp\/v2\/pages"}],"about":[{"href":"https:\/\/mittelpunktmensch-vk.de\/index.php?rest_route=\/wp\/v2\/types\/page"}],"author":[{"embeddable":true,"href":"https:\/\/mittelpunktmensch-vk.de\/index.php?rest_route=\/wp\/v2\/users\/1"}],"replies":[{"embeddable":true,"href":"https:\/\/mittelpunktmensch-vk.de\/index.php?rest_route=%2Fwp%2Fv2%2Fcomments&post=310"}],"version-history":[{"count":1,"href":"https:\/\/mittelpunktmensch-vk.de\/index.php?rest_route=\/wp\/v2\/pages\/310\/revisions"}],"predecessor-version":[{"id":311,"href":"https:\/\/mittelpunktmensch-vk.de\/index.php?rest_route=\/wp\/v2\/pages\/310\/revisions\/311"}],"wp:attachment":[{"href":"https:\/\/mittelpunktmensch-vk.de\/index.php?rest_route=%2Fwp%2Fv2%2Fmedia&parent=310"}],"curies":[{"name":"wp","href":"https:\/\/api.w.org\/{rel}","templated":true}]}}