{"id":322,"date":"2018-07-17T18:08:36","date_gmt":"2018-07-17T16:08:36","guid":{"rendered":"http:\/\/mittelpunktmensch-vk.de\/?page_id=322"},"modified":"2018-07-17T18:08:36","modified_gmt":"2018-07-17T16:08:36","slug":"bav-2","status":"publish","type":"page","link":"https:\/\/mittelpunktmensch-vk.de\/?page_id=322","title":{"rendered":"bAV"},"content":{"rendered":"<p style=\"box-sizing: border-box; margin: 0px 0px 1.5rem; color: #000000; font-family: 'Open Sans', sans-serif; font-size: 16px; font-style: normal; font-variant-ligatures: normal; font-variant-caps: normal; font-weight: 400; letter-spacing: normal; orphans: 2; text-align: start; text-indent: 0px; text-transform: none; white-space: normal; widows: 2; word-spacing: 0px; -webkit-text-stroke-width: 0px; background-color: #ffffff; text-decoration-style: initial; text-decoration-color: initial;\">Neben den allseits bekannten versicherungsf\u00f6rmigen L\u00f6sungen Direktversicherung, Pensionskasse und Pensionsfond gibt es noch zwei versicherungsfreie, sehr interessante Durchf\u00fchrungswege:<\/p>\n<p style=\"box-sizing: border-box; margin: 0px 0px 1.5rem; color: #000000; font-family: 'Open Sans', sans-serif; font-size: 16px; font-style: normal; font-variant-ligatures: normal; font-variant-caps: normal; font-weight: 400; letter-spacing: normal; orphans: 2; text-align: start; text-indent: 0px; text-transform: none; white-space: normal; widows: 2; word-spacing: 0px; -webkit-text-stroke-width: 0px; background-color: #ffffff; text-decoration-style: initial; text-decoration-color: initial;\"><strong>\u2022\u00a0Unterst\u00fctzungskasse<\/strong><\/p>\n<p style=\"box-sizing: border-box; margin: 0px 0px 1.5rem; color: #000000; font-family: 'Open Sans', sans-serif; font-size: 16px; font-style: normal; font-variant-ligatures: normal; font-variant-caps: normal; font-weight: 400; letter-spacing: normal; orphans: 2; text-align: start; text-indent: 0px; text-transform: none; white-space: normal; widows: 2; word-spacing: 0px; -webkit-text-stroke-width: 0px; background-color: #ffffff; text-decoration-style: initial; text-decoration-color: initial;\"><strong>\u2022\u00a0Unmittelbare Pensionszusage<\/strong><\/p>\n<p style=\"box-sizing: border-box; margin: 0px; color: #000000; font-family: 'Open Sans', sans-serif; font-size: 16px; font-style: normal; font-variant-ligatures: normal; font-variant-caps: normal; font-weight: 400; letter-spacing: normal; orphans: 2; text-align: start; text-indent: 0px; text-transform: none; white-space: normal; widows: 2; word-spacing: 0px; -webkit-text-stroke-width: 0px; background-color: #ffffff; text-decoration-style: initial; text-decoration-color: initial;\">Sie sind bei KMUs und im Mittelstand leider nahezu unbekannt oder, aufgrund unpassender Konzeption, negativ behaftet.<\/p>\n<p>&nbsp;<\/p>\n<p>Bei genauerer Betrachtung bieten sie aber genau die Flexibilit\u00e4t, die heute sowohl von Arbeitgeber- als auch von Arbeitnehmerseite von zeitgem\u00e4sser bAV gefordert wird.<\/p>\n<p>&nbsp;<\/p>\n<h2><strong>Einstandspflicht<\/strong><\/h2>\n<p>&nbsp;<\/p>\n<p><span style=\"color: #000000; font-family: 'Open Sans', sans-serif; font-size: 16px; font-style: normal; font-variant-ligatures: normal; font-variant-caps: normal; font-weight: 400; letter-spacing: normal; orphans: 2; text-align: start; text-indent: 0px; text-transform: none; white-space: normal; widows: 2; word-spacing: 0px; -webkit-text-stroke-width: 0px; background-color: #ffffff; text-decoration-style: initial; text-decoration-color: initial; display: inline !important; float: none;\">F\u00fcr alle Durchf\u00fchrungswege gilt: Der Arbeitgeber steht immer f\u00fcr die zugesagte Leistung ein, ganz egal, ob die Altersversorgung \u00fcber eine Versicherung durchgef\u00fchrt wird oder nicht! Diese Einstandspflicht ist in \u00a7 1 Abs. 1 S. 3 des Betriebsrentengesetzes (BetrAVG) geregelt. Gerade bei Versicherungsvertr\u00e4gen kann es zu einer Nachhaftung des Arbeitgebers kommen, wenn die sp\u00e4tere Versicherungsleistung aufgrund der hohen Kostenbelastung, gerade in den ersten Vertragsjahren, zu niedrig ausf\u00e4llt. Arbeitgeber sollten sich dieses Risikos bei der Wahl des Durchf\u00fchrungswegs bewusst sein.<\/span><\/p>\n<p>&nbsp;<\/p>\n","protected":false},"excerpt":{"rendered":"<p>Neben den allseits bekannten versicherungsf\u00f6rmigen L\u00f6sungen Direktversicherung, Pensionskasse und Pensionsfond gibt es noch zwei versicherungsfreie, sehr interessante Durchf\u00fchrungswege: \u2022\u00a0Unterst\u00fctzungskasse \u2022\u00a0Unmittelbare Pensionszusage Sie sind bei KMUs [&hellip;]<\/p>\n","protected":false},"author":1,"featured_media":0,"parent":0,"menu_order":0,"comment_status":"closed","ping_status":"closed","template":"","meta":{"spay_email":""},"jetpack_sharing_enabled":true,"jetpack_shortlink":"https:\/\/wp.me\/Pa0qFz-5c","jetpack-related-posts":[],"_links":{"self":[{"href":"https:\/\/mittelpunktmensch-vk.de\/index.php?rest_route=\/wp\/v2\/pages\/322"}],"collection":[{"href":"https:\/\/mittelpunktmensch-vk.de\/index.php?rest_route=\/wp\/v2\/pages"}],"about":[{"href":"https:\/\/mittelpunktmensch-vk.de\/index.php?rest_route=\/wp\/v2\/types\/page"}],"author":[{"embeddable":true,"href":"https:\/\/mittelpunktmensch-vk.de\/index.php?rest_route=\/wp\/v2\/users\/1"}],"replies":[{"embeddable":true,"href":"https:\/\/mittelpunktmensch-vk.de\/index.php?rest_route=%2Fwp%2Fv2%2Fcomments&post=322"}],"version-history":[{"count":1,"href":"https:\/\/mittelpunktmensch-vk.de\/index.php?rest_route=\/wp\/v2\/pages\/322\/revisions"}],"predecessor-version":[{"id":323,"href":"https:\/\/mittelpunktmensch-vk.de\/index.php?rest_route=\/wp\/v2\/pages\/322\/revisions\/323"}],"wp:attachment":[{"href":"https:\/\/mittelpunktmensch-vk.de\/index.php?rest_route=%2Fwp%2Fv2%2Fmedia&parent=322"}],"curies":[{"name":"wp","href":"https:\/\/api.w.org\/{rel}","templated":true}]}}